{"id":8,"date":"2023-02-01T18:35:08","date_gmt":"2023-02-01T17:35:08","guid":{"rendered":"http:\/\/localhost\/ambo\/products\/"},"modified":"2023-02-01T18:35:08","modified_gmt":"2023-02-01T17:35:08","slug":"products","status":"publish","type":"page","link":"https:\/\/ambo.biz\/ambo\/products\/","title":{"rendered":"Products"},"content":{"rendered":"Aucun produit n\u2019a encore \u00e9t\u00e9 configur\u00e9\n","protected":false},"excerpt":{"rendered":"<p>Aucun produit n\u2019a encore \u00e9t\u00e9 configur\u00e9<\/p>\n","protected":false},"author":1,"featured_media":0,"parent":0,"menu_order":0,"comment_status":"closed","ping_status":"closed","template":"","meta":{"inline_featured_image":false,"footnotes":""},"class_list":["post-8","page","type-page","status-publish","hentry","description-off"],"_links":{"self":[{"href":"https:\/\/ambo.biz\/ambo\/wp-json\/wp\/v2\/pages\/8","targetHints":{"allow":["GET"]}}],"collection":[{"href":"https:\/\/ambo.biz\/ambo\/wp-json\/wp\/v2\/pages"}],"about":[{"href":"https:\/\/ambo.biz\/ambo\/wp-json\/wp\/v2\/types\/page"}],"author":[{"embeddable":true,"href":"https:\/\/ambo.biz\/ambo\/wp-json\/wp\/v2\/users\/1"}],"replies":[{"embeddable":true,"href":"https:\/\/ambo.biz\/ambo\/wp-json\/wp\/v2\/comments?post=8"}],"version-history":[{"count":0,"href":"https:\/\/ambo.biz\/ambo\/wp-json\/wp\/v2\/pages\/8\/revisions"}],"wp:attachment":[{"href":"https:\/\/ambo.biz\/ambo\/wp-json\/wp\/v2\/media?parent=8"}],"curies":[{"name":"wp","href":"https:\/\/api.w.org\/{rel}","templated":true}]}}